{"id":3889,"date":"2026-04-05T17:25:13","date_gmt":"2026-04-05T17:25:13","guid":{"rendered":"https:\/\/kam-tex.com\/?post_type=product&#038;p=3889"},"modified":"2026-04-05T17:25:13","modified_gmt":"2026-04-05T17:25:13","slug":"baby-nest-drenushe-e-gjelbert","status":"publish","type":"product","link":"https:\/\/kam-tex.com\/sq\/produkt\/baby-nest-drenushe-e-gjelbert\/","title":{"rendered":"Baby Nest &#8211; Drenushe e gjelbert"},"content":{"rendered":"<p>\ud83c\udf3f\ud83d\udc76 Foleja m\u00eb e \u00ebmb\u00ebl p\u00ebr gjumin e qet\u00eb t\u00eb bebit tuaj!<br \/>\nE punuar me material pambuku cil\u00ebsor, me dizajn t\u00eb but\u00eb e ngjyra natyrale \ud83c\udf38\ud83d\udc3f\ufe0f, kjo fole e mban foshnj\u00ebn t\u00eb sigurt, t\u00eb ngroht\u00eb dhe t\u00eb rehatuar. Ideale p\u00ebr shtrat, divan apo p\u00ebr ta marr\u00eb me vete kudo q\u00eb shkoni. \ud83d\udc9b\u2728<\/p>\n<p>\ud83d\udccf Praktike, e but\u00eb dhe e leht\u00eb p\u00ebr ta pastruar.<br \/>\n\ud83c\udf80 Me detajet elegante dhe lidh\u00ebsen e bukur, \u00ebsht\u00eb dhurata perfekte p\u00ebr nj\u00eb mami t\u00eb re.<\/p>","protected":false},"excerpt":{"rendered":"<p>\ud83c\udf3f\ud83d\udc76 Foleja m\u00eb e \u00ebmb\u00ebl p\u00ebr gjumin e qet\u00eb t\u00eb bebit tuaj!<\/p>","protected":false},"featured_media":3906,"comment_status":"open","ping_status":"closed","template":"","meta":{"_monsterinsights_skip_tracking":false,"_monsterinsights_sitenote_active":false,"_monsterinsights_sitenote_note":"","_monsterinsights_sitenote_category":0,"_themeisle_gutenberg_block_has_review":false},"product_cat":[38],"product_tag":[],"class_list":{"0":"post-3889","1":"product","2":"type-product","3":"status-publish","4":"has-post-thumbnail","6":"product_cat-kam-babyshop","8":"first","9":"instock","10":"shipping-taxable","11":"purchasable","12":"product-type-simple"},"aioseo_notices":[],"_links":{"self":[{"href":"https:\/\/kam-tex.com\/sq\/wp-json\/wp\/v2\/product\/3889"}],"collection":[{"href":"https:\/\/kam-tex.com\/sq\/wp-json\/wp\/v2\/product"}],"about":[{"href":"https:\/\/kam-tex.com\/sq\/wp-json\/wp\/v2\/types\/product"}],"replies":[{"embeddable":true,"href":"https:\/\/kam-tex.com\/sq\/wp-json\/wp\/v2\/comments?post=3889"}],"version-history":[{"count":1,"href":"https:\/\/kam-tex.com\/sq\/wp-json\/wp\/v2\/product\/3889\/revisions"}],"predecessor-version":[{"id":3913,"href":"https:\/\/kam-tex.com\/sq\/wp-json\/wp\/v2\/product\/3889\/revisions\/3913"}],"wp:featuredmedia":[{"embeddable":true,"href":"https:\/\/kam-tex.com\/sq\/wp-json\/wp\/v2\/media\/3906"}],"wp:attachment":[{"href":"https:\/\/kam-tex.com\/sq\/wp-json\/wp\/v2\/media?parent=3889"}],"wp:term":[{"taxonomy":"product_cat","embeddable":true,"href":"https:\/\/kam-tex.com\/sq\/wp-json\/wp\/v2\/product_cat?post=3889"},{"taxonomy":"product_tag","embeddable":true,"href":"https:\/\/kam-tex.com\/sq\/wp-json\/wp\/v2\/product_tag?post=3889"}],"curies":[{"name":"wp","href":"https:\/\/api.w.org\/{rel}","templated":true}]}}