{"id":3914,"date":"2026-04-05T17:31:07","date_gmt":"2026-04-05T17:31:07","guid":{"rendered":"https:\/\/kam-tex.com\/?post_type=product&#038;p=3914"},"modified":"2026-04-05T17:31:07","modified_gmt":"2026-04-05T17:31:07","slug":"batanije","status":"publish","type":"product","link":"https:\/\/kam-tex.com\/sq\/produkt\/batanije\/","title":{"rendered":"Batanije"},"content":{"rendered":"<p>\u2728 Batanije e \u00ebmb\u00ebl p\u00ebr krevatin e bebushit tuaj \u2728<br \/>\nE but\u00eb, e ngroht\u00eb dhe plot stil \u2013 kjo batanije me material cil\u00ebsor dhe me detaje me fallta sjell rehati dhe eleganc\u00eb n\u00eb dhom\u00ebn e f\u00ebmij\u00ebs. Ideale p\u00ebr gjum\u00eb t\u00eb qet\u00eb dhe p\u00ebrqafime t\u00eb ngrohta. \ud83d\udca4\ud83e\udd0e<\/p>\n<p>\ud83d\udccf Madh\u00ebsi perfekte p\u00ebr krevat bebe<br \/>\n\ud83c\udf3f Material i but\u00eb dhe i sigurt p\u00ebr l\u00ebkur\u00ebn delikate<br \/>\n\ud83e\udd0d Dizajn unik me fallta<\/p>\n<p>Nj\u00eb dhurat\u00eb e bukur dhe funksionale p\u00ebr \u00e7do bebush! \ud83c\udf81\ud83d\udc76<\/p>","protected":false},"excerpt":{"rendered":"<p>\u2728 Batanije e \u00ebmb\u00ebl p\u00ebr krevatin e bebushit tuaj \u2728<br \/>\nE but\u00eb, e ngroht\u00eb dhe plot stil \u2013 kjo batanije me material cil\u00ebsor dhe me detaje me fallta sjell rehati dhe eleganc\u00eb n\u00eb dhom\u00ebn e f\u00ebmij\u00ebs. Ideale p\u00ebr gjum\u00eb t\u00eb qet\u00eb dhe p\u00ebrqafime t\u00eb ngrohta. \ud83d\udca4\ud83e\udd0e<\/p>","protected":false},"featured_media":3916,"comment_status":"open","ping_status":"closed","template":"","meta":{"_monsterinsights_skip_tracking":false,"_monsterinsights_sitenote_active":false,"_monsterinsights_sitenote_note":"","_monsterinsights_sitenote_category":0,"_themeisle_gutenberg_block_has_review":false},"product_cat":[38],"product_tag":[],"class_list":{"0":"post-3914","1":"product","2":"type-product","3":"status-publish","4":"has-post-thumbnail","6":"product_cat-kam-babyshop","8":"first","9":"instock","10":"shipping-taxable","11":"purchasable","12":"product-type-simple"},"aioseo_notices":[],"_links":{"self":[{"href":"https:\/\/kam-tex.com\/sq\/wp-json\/wp\/v2\/product\/3914"}],"collection":[{"href":"https:\/\/kam-tex.com\/sq\/wp-json\/wp\/v2\/product"}],"about":[{"href":"https:\/\/kam-tex.com\/sq\/wp-json\/wp\/v2\/types\/product"}],"replies":[{"embeddable":true,"href":"https:\/\/kam-tex.com\/sq\/wp-json\/wp\/v2\/comments?post=3914"}],"version-history":[{"count":1,"href":"https:\/\/kam-tex.com\/sq\/wp-json\/wp\/v2\/product\/3914\/revisions"}],"predecessor-version":[{"id":3920,"href":"https:\/\/kam-tex.com\/sq\/wp-json\/wp\/v2\/product\/3914\/revisions\/3920"}],"wp:featuredmedia":[{"embeddable":true,"href":"https:\/\/kam-tex.com\/sq\/wp-json\/wp\/v2\/media\/3916"}],"wp:attachment":[{"href":"https:\/\/kam-tex.com\/sq\/wp-json\/wp\/v2\/media?parent=3914"}],"wp:term":[{"taxonomy":"product_cat","embeddable":true,"href":"https:\/\/kam-tex.com\/sq\/wp-json\/wp\/v2\/product_cat?post=3914"},{"taxonomy":"product_tag","embeddable":true,"href":"https:\/\/kam-tex.com\/sq\/wp-json\/wp\/v2\/product_tag?post=3914"}],"curies":[{"name":"wp","href":"https:\/\/api.w.org\/{rel}","templated":true}]}}