{"id":3921,"date":"2026-04-05T17:36:09","date_gmt":"2026-04-05T17:36:09","guid":{"rendered":"https:\/\/kam-tex.com\/?post_type=product&#038;p=3921"},"modified":"2026-04-05T17:36:09","modified_gmt":"2026-04-05T17:36:09","slug":"batanije-2","status":"publish","type":"product","link":"https:\/\/kam-tex.com\/sq\/produkt\/batanije-2\/","title":{"rendered":"Batanije"},"content":{"rendered":"<p class=\"p1\">\u00a0BATANIJA E \u00cbND\u00cbRRAVE P\u00cbR T\u00cb VEGJ\u00cbLIT TUAJ \ud83e\udd0d<\/p>\n<p class=\"p1\">P\u00ebrk\u00ebdhelje n\u00eb \u00e7do prekje \u2013 kjo batanije \u00ebsht\u00eb punuar me 2 lloje materiali muslin pambuku, p\u00ebr nj\u00eb ndjesi super t\u00eb but\u00eb, t\u00eb ajrosur dhe t\u00eb sigurt p\u00ebr l\u00ebkur\u00ebn e ndjeshme t\u00eb foshnj\u00ebs.<\/p>\n<p class=\"p1\">\u2728 100% Pambuk Muslin<\/p>\n<p class=\"p1\">\ud83e\uddfa E leht\u00eb p\u00ebr pastrim<\/p>\n<p class=\"p1\">\ud83e\udef6 Ideale p\u00ebr gjum\u00eb, sh\u00ebtitje apo p\u00ebrqafime t\u00eb ngrohta<\/p>\n<p class=\"p1\">\ud83e\uddf5 E punuar me kujdes dhe dashuri nga\u00a0<a href=\"https:\/\/www.instagram.com\/explore\/tags\/kambabyshop\/\">#KamBabyshop<\/a><\/p>\n<p class=\"p1\"><span class=\"s1\">\ud83d\udce6<\/span> D\u00ebrgesa n\u00eb t\u00eb gjith\u00eb Kosov\u00ebn<\/p>","protected":false},"excerpt":{"rendered":"<p class=\"p1\">\u00a0BATANIJA E \u00cbND\u00cbRRAVE P\u00cbR T\u00cb VEGJ\u00cbLIT TUAJ \ud83e\udd0d<\/p>\n<p class=\"p1\">P\u00ebrk\u00ebdhelje n\u00eb \u00e7do prekje \u2013 kjo batanije \u00ebsht\u00eb punuar me 2 lloje materiali muslin pambuku, p\u00ebr nj\u00eb ndjesi super t\u00eb but\u00eb, t\u00eb ajrosur dhe t\u00eb sigurt p\u00ebr l\u00ebkur\u00ebn e ndjeshme t\u00eb foshnj\u00ebs.<\/p>","protected":false},"featured_media":3926,"comment_status":"open","ping_status":"closed","template":"","meta":{"_monsterinsights_skip_tracking":false,"_monsterinsights_sitenote_active":false,"_monsterinsights_sitenote_note":"","_monsterinsights_sitenote_category":0,"_themeisle_gutenberg_block_has_review":false},"product_cat":[38],"product_tag":[],"class_list":{"0":"post-3921","1":"product","2":"type-product","3":"status-publish","4":"has-post-thumbnail","6":"product_cat-kam-babyshop","8":"first","9":"instock","10":"shipping-taxable","11":"purchasable","12":"product-type-simple"},"aioseo_notices":[],"_links":{"self":[{"href":"https:\/\/kam-tex.com\/sq\/wp-json\/wp\/v2\/product\/3921"}],"collection":[{"href":"https:\/\/kam-tex.com\/sq\/wp-json\/wp\/v2\/product"}],"about":[{"href":"https:\/\/kam-tex.com\/sq\/wp-json\/wp\/v2\/types\/product"}],"replies":[{"embeddable":true,"href":"https:\/\/kam-tex.com\/sq\/wp-json\/wp\/v2\/comments?post=3921"}],"version-history":[{"count":1,"href":"https:\/\/kam-tex.com\/sq\/wp-json\/wp\/v2\/product\/3921\/revisions"}],"predecessor-version":[{"id":3928,"href":"https:\/\/kam-tex.com\/sq\/wp-json\/wp\/v2\/product\/3921\/revisions\/3928"}],"wp:featuredmedia":[{"embeddable":true,"href":"https:\/\/kam-tex.com\/sq\/wp-json\/wp\/v2\/media\/3926"}],"wp:attachment":[{"href":"https:\/\/kam-tex.com\/sq\/wp-json\/wp\/v2\/media?parent=3921"}],"wp:term":[{"taxonomy":"product_cat","embeddable":true,"href":"https:\/\/kam-tex.com\/sq\/wp-json\/wp\/v2\/product_cat?post=3921"},{"taxonomy":"product_tag","embeddable":true,"href":"https:\/\/kam-tex.com\/sq\/wp-json\/wp\/v2\/product_tag?post=3921"}],"curies":[{"name":"wp","href":"https:\/\/api.w.org\/{rel}","templated":true}]}}